{"id":3569,"date":"2024-03-26T08:44:06","date_gmt":"2024-03-26T08:44:06","guid":{"rendered":"https:\/\/ai4app.pl\/?page_id=3569"},"modified":"2024-05-26T16:02:48","modified_gmt":"2024-05-26T16:02:48","slug":"faq-pytania-i-odpowiedzi","status":"publish","type":"page","link":"https:\/\/ai4app.pl\/en\/faq\/","title":{"rendered":"FAQ \u2013 questions and answers"},"content":{"rendered":"","protected":false},"excerpt":{"rendered":"","protected":false},"author":1,"featured_media":3158,"parent":0,"menu_order":0,"comment_status":"closed","ping_status":"closed","template":"elementor_theme","meta":{"site-sidebar-layout":"no-sidebar","site-content-layout":"","ast-site-content-layout":"full-width-container","site-content-style":"default","site-sidebar-style":"default","ast-global-header-display":"","ast-banner-title-visibility":"","ast-main-header-display":"","ast-hfb-above-header-display":"","ast-hfb-below-header-display":"","ast-hfb-mobile-header-display":"","site-post-title":"disabled","ast-breadcrumbs-content":"","ast-featured-img":"disabled","footer-sml-layout":"","ast-disable-related-posts":"","theme-transparent-header-meta":"default","adv-header-id-meta":"","stick-header-meta":"","header-above-stick-meta":"","header-main-stick-meta":"","header-below-stick-meta":"","astra-migrate-meta-layouts":"set","ast-page-background-enabled":"default","ast-page-background-meta":{"desktop":{"background-color":"var(--ast-global-color-4)","background-image":"","background-repeat":"repeat","background-position":"center center","background-size":"auto","background-attachment":"scroll","background-type":"","background-media":"","overlay-type":"","overlay-color":"","overlay-opacity":"","overlay-gradient":""},"tablet":{"background-color":"","background-image":"","background-repeat":"repeat","background-position":"center center","background-size":"auto","background-attachment":"scroll","background-type":"","background-media":"","overlay-type":"","overlay-color":"","overlay-opacity":"","overlay-gradient":""},"mobile":{"background-color":"","background-image":"","background-repeat":"repeat","background-position":"center center","background-size":"auto","background-attachment":"scroll","background-type":"","background-media":"","overlay-type":"","overlay-color":"","overlay-opacity":"","overlay-gradient":""}},"ast-content-background-meta":{"desktop":{"background-color":"var(--ast-global-color-5)","background-image":"","background-repeat":"repeat","background-position":"center center","background-size":"auto","background-attachment":"scroll","background-type":"","background-media":"","overlay-type":"","overlay-color":"","overlay-opacity":"","overlay-gradient":""},"tablet":{"background-color":"var(--ast-global-color-5)","background-image":"","background-repeat":"repeat","background-position":"center center","background-size":"auto","background-attachment":"scroll","background-type":"","background-media":"","overlay-type":"","overlay-color":"","overlay-opacity":"","overlay-gradient":""},"mobile":{"background-color":"var(--ast-global-color-5)","background-image":"","background-repeat":"repeat","background-position":"center center","background-size":"auto","background-attachment":"scroll","background-type":"","background-media":"","overlay-type":"","overlay-color":"","overlay-opacity":"","overlay-gradient":""}},"footnotes":""},"yoast_head":"<!-- This site is optimized with the Yoast SEO Premium plugin v22.3 (Yoast SEO v23.5) - https:\/\/yoast.com\/wordpress\/plugins\/seo\/ -->\n<title>FAQ - pytania i odpowiedzi - Inteligentny Asystent AI<\/title>\n<meta name=\"description\" content=\"Je\u015bli tutaj nie znajdziesz odpowiedzi, skorzystaj z naszego asystenta dost\u0119pnego u do\u0142u ekranu. Zobacz jak sprawnie dzia\u0142a AI.\" \/>\n<meta name=\"robots\" content=\"index, follow, max-snippet:-1, max-image-preview:large, max-video-preview:-1\" \/>\n<link rel=\"canonical\" href=\"https:\/\/ai4app.pl\/en\/faq\/\" \/>\n<meta property=\"og:locale\" content=\"en_GB\" \/>\n<meta property=\"og:type\" content=\"article\" \/>\n<meta property=\"og:title\" content=\"FAQ - pytania i odpowiedzi\" \/>\n<meta property=\"og:description\" content=\"Je\u015bli tutaj nie znajdziesz odpowiedzi, skorzystaj z naszego asystenta dost\u0119pnego u do\u0142u ekranu. Zobacz jak sprawnie dzia\u0142a AI.\" \/>\n<meta property=\"og:url\" content=\"https:\/\/ai4app.pl\/en\/faq\/\" \/>\n<meta property=\"og:site_name\" content=\"Inteligentny Asystent AI\" \/>\n<meta property=\"article:modified_time\" content=\"2024-05-26T16:02:48+00:00\" \/>\n<meta property=\"og:image\" content=\"https:\/\/ai4app.pl\/wp-content\/uploads\/2024\/03\/Asystent-AI-Porozmawiaj-ze-swoimi-danymi-2.jpg\" \/>\n\t<meta property=\"og:image:width\" content=\"771\" \/>\n\t<meta property=\"og:image:height\" content=\"547\" \/>\n\t<meta property=\"og:image:type\" content=\"image\/jpeg\" \/>\n<meta name=\"twitter:card\" content=\"summary_large_image\" \/>\n<script type=\"application\/ld+json\" class=\"yoast-schema-graph\">{\"@context\":\"https:\/\/schema.org\",\"@graph\":[{\"@type\":\"WebPage\",\"@id\":\"https:\/\/ai4app.pl\/faq-pytania-i-odpowiedzi\/\",\"url\":\"https:\/\/ai4app.pl\/faq-pytania-i-odpowiedzi\/\",\"name\":\"FAQ - pytania i odpowiedzi - Inteligentny Asystent AI\",\"isPartOf\":{\"@id\":\"https:\/\/ai4app.pl\/#website\"},\"primaryImageOfPage\":{\"@id\":\"https:\/\/ai4app.pl\/faq-pytania-i-odpowiedzi\/#primaryimage\"},\"image\":{\"@id\":\"https:\/\/ai4app.pl\/faq-pytania-i-odpowiedzi\/#primaryimage\"},\"thumbnailUrl\":\"https:\/\/ai4app.pl\/wp-content\/uploads\/2024\/03\/Asystent-AI-Porozmawiaj-ze-swoimi-danymi-2.jpg\",\"datePublished\":\"2024-03-26T08:44:06+00:00\",\"dateModified\":\"2024-05-26T16:02:48+00:00\",\"description\":\"Je\u015bli tutaj nie znajdziesz odpowiedzi, skorzystaj z naszego asystenta dost\u0119pnego u do\u0142u ekranu. Zobacz jak sprawnie dzia\u0142a AI.\",\"breadcrumb\":{\"@id\":\"https:\/\/ai4app.pl\/faq-pytania-i-odpowiedzi\/#breadcrumb\"},\"inLanguage\":\"en-GB\",\"potentialAction\":[{\"@type\":\"ReadAction\",\"target\":[\"https:\/\/ai4app.pl\/faq-pytania-i-odpowiedzi\/\"]}]},{\"@type\":\"ImageObject\",\"inLanguage\":\"en-GB\",\"@id\":\"https:\/\/ai4app.pl\/faq-pytania-i-odpowiedzi\/#primaryimage\",\"url\":\"https:\/\/ai4app.pl\/wp-content\/uploads\/2024\/03\/Asystent-AI-Porozmawiaj-ze-swoimi-danymi-2.jpg\",\"contentUrl\":\"https:\/\/ai4app.pl\/wp-content\/uploads\/2024\/03\/Asystent-AI-Porozmawiaj-ze-swoimi-danymi-2.jpg\",\"width\":771,\"height\":547,\"caption\":\"Tw\u00f3j w\u0142asny chatbot - Inteligentny Asystent AI\"},{\"@type\":\"BreadcrumbList\",\"@id\":\"https:\/\/ai4app.pl\/faq-pytania-i-odpowiedzi\/#breadcrumb\",\"itemListElement\":[{\"@type\":\"ListItem\",\"position\":1,\"name\":\"Strona g\u0142\u00f3wna\",\"item\":\"https:\/\/ai4app.pl\/\"},{\"@type\":\"ListItem\",\"position\":2,\"name\":\"FAQ &#8211; pytania i odpowiedzi\"}]},{\"@type\":\"WebSite\",\"@id\":\"https:\/\/ai4app.pl\/#website\",\"url\":\"https:\/\/ai4app.pl\/\",\"name\":\"Inteligentny Asystent AI\",\"description\":\"chatbot - wsparcie sprzeda\u017cy w firmie\",\"publisher\":{\"@id\":\"https:\/\/ai4app.pl\/#organization\"},\"alternateName\":\"AI4APP - inteligentne chatboty AI\",\"potentialAction\":[{\"@type\":\"SearchAction\",\"target\":{\"@type\":\"EntryPoint\",\"urlTemplate\":\"https:\/\/ai4app.pl\/?s={search_term_string}\"},\"query-input\":{\"@type\":\"PropertyValueSpecification\",\"valueRequired\":true,\"valueName\":\"search_term_string\"}}],\"inLanguage\":\"en-GB\"},{\"@type\":\"Organization\",\"@id\":\"https:\/\/ai4app.pl\/#organization\",\"name\":\"AI4APP.pl sp. z o. o.\",\"alternateName\":\"AI4APP.pl\",\"url\":\"https:\/\/ai4app.pl\/\",\"logo\":{\"@type\":\"ImageObject\",\"inLanguage\":\"en-GB\",\"@id\":\"https:\/\/ai4app.pl\/#\/schema\/logo\/image\/\",\"url\":\"https:\/\/ai4app.pl\/wp-content\/uploads\/2024\/03\/sellbott-logo.svg\",\"contentUrl\":\"https:\/\/ai4app.pl\/wp-content\/uploads\/2024\/03\/sellbott-logo.svg\",\"width\":909,\"height\":258,\"caption\":\"AI4APP.pl sp. z o. o.\"},\"image\":{\"@id\":\"https:\/\/ai4app.pl\/#\/schema\/logo\/image\/\"},\"description\":\"AI4APP.pl sp. z o. o.\",\"email\":\"info@ai4app.pl\",\"telephone\":\"+48 601 983 522\",\"legalName\":\"AI4APP.pl sp\u00f3\u0142ka z ograniczon\u0105 odpowiedzialno\u015bci\u0105\"}]}<\/script>\n<!-- \/ Yoast SEO Premium plugin. -->","yoast_head_json":{"title":"FAQ - questions and answers - Intelligent AI Assistant","description":"If you don&#039;t find the answer here, use our assistant at the bottom of the screen. See how efficiently AI works.","robots":{"index":"index","follow":"follow","max-snippet":"max-snippet:-1","max-image-preview":"max-image-preview:large","max-video-preview":"max-video-preview:-1"},"canonical":"https:\/\/ai4app.pl\/en\/faq\/","og_locale":"en_GB","og_type":"article","og_title":"FAQ - pytania i odpowiedzi","og_description":"Je\u015bli tutaj nie znajdziesz odpowiedzi, skorzystaj z naszego asystenta dost\u0119pnego u do\u0142u ekranu. Zobacz jak sprawnie dzia\u0142a AI.","og_url":"https:\/\/ai4app.pl\/en\/faq\/","og_site_name":"Inteligentny Asystent AI","article_modified_time":"2024-05-26T16:02:48+00:00","og_image":[{"width":771,"height":547,"url":"https:\/\/ai4app.pl\/wp-content\/uploads\/2024\/03\/Asystent-AI-Porozmawiaj-ze-swoimi-danymi-2.jpg","type":"image\/jpeg"}],"twitter_card":"summary_large_image","schema":{"@context":"https:\/\/schema.org","@graph":[{"@type":"WebPage","@id":"https:\/\/ai4app.pl\/faq-pytania-i-odpowiedzi\/","url":"https:\/\/ai4app.pl\/faq-pytania-i-odpowiedzi\/","name":"FAQ - questions and answers - Intelligent AI Assistant","isPartOf":{"@id":"https:\/\/ai4app.pl\/#website"},"primaryImageOfPage":{"@id":"https:\/\/ai4app.pl\/faq-pytania-i-odpowiedzi\/#primaryimage"},"image":{"@id":"https:\/\/ai4app.pl\/faq-pytania-i-odpowiedzi\/#primaryimage"},"thumbnailUrl":"https:\/\/ai4app.pl\/wp-content\/uploads\/2024\/03\/Asystent-AI-Porozmawiaj-ze-swoimi-danymi-2.jpg","datePublished":"2024-03-26T08:44:06+00:00","dateModified":"2024-05-26T16:02:48+00:00","description":"If you don&#039;t find the answer here, use our assistant at the bottom of the screen. See how efficiently AI works.","breadcrumb":{"@id":"https:\/\/ai4app.pl\/faq-pytania-i-odpowiedzi\/#breadcrumb"},"inLanguage":"en-GB","potentialAction":[{"@type":"ReadAction","target":["https:\/\/ai4app.pl\/faq-pytania-i-odpowiedzi\/"]}]},{"@type":"ImageObject","inLanguage":"en-GB","@id":"https:\/\/ai4app.pl\/faq-pytania-i-odpowiedzi\/#primaryimage","url":"https:\/\/ai4app.pl\/wp-content\/uploads\/2024\/03\/Asystent-AI-Porozmawiaj-ze-swoimi-danymi-2.jpg","contentUrl":"https:\/\/ai4app.pl\/wp-content\/uploads\/2024\/03\/Asystent-AI-Porozmawiaj-ze-swoimi-danymi-2.jpg","width":771,"height":547,"caption":"Tw\u00f3j w\u0142asny chatbot - Inteligentny Asystent AI"},{"@type":"BreadcrumbList","@id":"https:\/\/ai4app.pl\/faq-pytania-i-odpowiedzi\/#breadcrumb","itemListElement":[{"@type":"ListItem","position":1,"name":"Strona g\u0142\u00f3wna","item":"https:\/\/ai4app.pl\/"},{"@type":"ListItem","position":2,"name":"FAQ &#8211; pytania i odpowiedzi"}]},{"@type":"WebSite","@id":"https:\/\/ai4app.pl\/#website","url":"https:\/\/ai4app.pl\/","name":"Intelligent AI Assistant","description":"chatbot - sales support in the company","publisher":{"@id":"https:\/\/ai4app.pl\/#organization"},"alternateName":"AI4APP - inteligentne chatboty AI","potentialAction":[{"@type":"SearchAction","target":{"@type":"EntryPoint","urlTemplate":"https:\/\/ai4app.pl\/?s={search_term_string}"},"query-input":{"@type":"PropertyValueSpecification","valueRequired":true,"valueName":"search_term_string"}}],"inLanguage":"en-GB"},{"@type":"Organization","@id":"https:\/\/ai4app.pl\/#organization","name":"AI4APP.pl sp. z o. o","alternateName":"AI4APP.pl","url":"https:\/\/ai4app.pl\/","logo":{"@type":"ImageObject","inLanguage":"en-GB","@id":"https:\/\/ai4app.pl\/#\/schema\/logo\/image\/","url":"https:\/\/ai4app.pl\/wp-content\/uploads\/2024\/03\/sellbott-logo.svg","contentUrl":"https:\/\/ai4app.pl\/wp-content\/uploads\/2024\/03\/sellbott-logo.svg","width":909,"height":258,"caption":"AI4APP.pl sp. z o. o."},"image":{"@id":"https:\/\/ai4app.pl\/#\/schema\/logo\/image\/"},"description":"AI4APP.pl sp. z o. o","email":"info@ai4app.pl","telephone":"+48 601 983 522","legalName":"AI4APP.pl sp\u00f3\u0142ka z ograniczon\u0105 odpowiedzialno\u015bci\u0105"}]}},"_links":{"self":[{"href":"https:\/\/ai4app.pl\/en\/wp-json\/wp\/v2\/pages\/3569"}],"collection":[{"href":"https:\/\/ai4app.pl\/en\/wp-json\/wp\/v2\/pages"}],"about":[{"href":"https:\/\/ai4app.pl\/en\/wp-json\/wp\/v2\/types\/page"}],"author":[{"embeddable":true,"href":"https:\/\/ai4app.pl\/en\/wp-json\/wp\/v2\/users\/1"}],"replies":[{"embeddable":true,"href":"https:\/\/ai4app.pl\/en\/wp-json\/wp\/v2\/comments?post=3569"}],"version-history":[{"count":15,"href":"https:\/\/ai4app.pl\/en\/wp-json\/wp\/v2\/pages\/3569\/revisions"}],"predecessor-version":[{"id":3934,"href":"https:\/\/ai4app.pl\/en\/wp-json\/wp\/v2\/pages\/3569\/revisions\/3934"}],"wp:featuredmedia":[{"embeddable":true,"href":"https:\/\/ai4app.pl\/en\/wp-json\/wp\/v2\/media\/3158"}],"wp:attachment":[{"href":"https:\/\/ai4app.pl\/en\/wp-json\/wp\/v2\/media?parent=3569"}],"curies":[{"name":"wp","href":"https:\/\/api.w.org\/{rel}","templated":true}]}}